{"id":4497,"date":"2024-02-20T09:08:57","date_gmt":"2024-02-20T08:08:57","guid":{"rendered":"https:\/\/fuelingyou.nl\/rueckgaberecht\/"},"modified":"2024-05-29T08:11:53","modified_gmt":"2024-05-29T06:11:53","slug":"rueckgaberecht","status":"publish","type":"page","link":"https:\/\/fuelingyou.nl\/de\/rueckgaberecht\/","title":{"rendered":"R\u00fcckgaberecht"},"content":{"rendered":"\t\t<div data-elementor-type=\"wp-page\" data-elementor-id=\"4497\" class=\"elementor elementor-4497 elementor-2537\" data-elementor-post-type=\"page\">\n\t\t\t\t\t\t<section class=\"elementor-section elementor-top-section elementor-element elementor-element-fe52ed4 elementor-section-boxed elementor-section-height-default elementor-section-height-default\" data-id=\"fe52ed4\" data-element_type=\"section\">\n\t\t\t\t\t\t<div class=\"elementor-container elementor-column-gap-default\">\n\t\t\t\t\t<div class=\"elementor-column elementor-col-100 elementor-top-column elementor-element elementor-element-901d947\" data-id=\"901d947\" data-element_type=\"column\">\n\t\t\t<div class=\"elementor-widget-wrap elementor-element-populated\">\n\t\t\t\t\t\t<div class=\"elementor-element elementor-element-3c514aa elementor-widget elementor-widget-heading\" data-id=\"3c514aa\" data-element_type=\"widget\" data-widget_type=\"heading.default\">\n\t\t\t\t<div class=\"elementor-widget-container\">\n\t\t\t\t\t<h2 class=\"elementor-heading-title elementor-size-default\">Fueling You - R\u00fcckgabebedingungen<\/h2>\t\t\t\t<\/div>\n\t\t\t\t<\/div>\n\t\t\t\t\t<\/div>\n\t\t<\/div>\n\t\t\t\t\t<\/div>\n\t\t<\/section>\n\t\t\t\t<section class=\"elementor-section elementor-top-section elementor-element elementor-element-03a9d1a elementor-section-boxed elementor-section-height-default elementor-section-height-default\" data-id=\"03a9d1a\" data-element_type=\"section\">\n\t\t\t\t\t\t<div class=\"elementor-container elementor-column-gap-default\">\n\t\t\t\t\t<div class=\"elementor-column elementor-col-100 elementor-top-column elementor-element elementor-element-c0a27c5\" data-id=\"c0a27c5\" data-element_type=\"column\">\n\t\t\t<div class=\"elementor-widget-wrap elementor-element-populated\">\n\t\t\t\t\t\t<div class=\"elementor-element elementor-element-3fcf39f elementor-widget elementor-widget-heading\" data-id=\"3fcf39f\" data-element_type=\"widget\" data-widget_type=\"heading.default\">\n\t\t\t\t<div class=\"elementor-widget-container\">\n\t\t\t\t\t<h3 class=\"elementor-heading-title elementor-size-default\">R\u00fcckgabe &amp; Garantie<\/h3>\t\t\t\t<\/div>\n\t\t\t\t<\/div>\n\t\t\t\t<div class=\"elementor-element elementor-element-f4b5352 elementor-widget elementor-widget-text-editor\" data-id=\"f4b5352\" data-element_type=\"widget\" data-widget_type=\"text-editor.default\">\n\t\t\t\t<div class=\"elementor-widget-container\">\n\t\t\t\t\t\t\t\t\t<p><b>Liefert<\/b><\/p>\n\t\t\t\t\t\t\t\t<\/div>\n\t\t\t\t<\/div>\n\t\t\t\t<div class=\"elementor-element elementor-element-05ed4e0 elementor-widget elementor-widget-text-editor\" data-id=\"05ed4e0\" data-element_type=\"widget\" data-widget_type=\"text-editor.default\">\n\t\t\t\t<div class=\"elementor-widget-container\">\n\t\t\t\t\t\t\t\t\t<p>Sie haben das Recht, Ihre Bestellung innerhalb von 14 Tagen nach Erhalt ohne Angabe von Gr\u00fcnden zu widerrufen. Nach dem Widerruf haben Sie weitere 14 Tage Zeit, um das Produkt zur\u00fcckzugeben. Sie erhalten dann eine Gutschrift \u00fcber den vollen Bestellbetrag einschlie\u00dflich Versandkosten. Lediglich die Kosten f\u00fcr die R\u00fccksendung von Ihnen nach Hause zum Webshop gehen zu Ihren Lasten. Diese Kosten belaufen sich auf ca. 7,25 \u20ac pro Paket. Bitte informieren Sie sich auf der Website Ihres Versandunternehmens \u00fcber die genauen Preise. Wenn Sie von Ihrem Widerrufsrecht Gebrauch machen, wird das Produkt mit allem mitgelieferten Zubeh\u00f6r und &#8211; wenn m\u00f6glich &#8211; in seinem Originalzustand und in der Originalverpackung an Fueling You zur\u00fcckgeschickt. Wenn das Produkt besch\u00e4digt ist oder die Verpackung st\u00e4rker besch\u00e4digt ist, als zum Testen des Produkts erforderlich, k\u00f6nnen wir diese Wertminderung des Produkts an Sie weitergeben. Behandeln Sie das Produkt mit Sorgfalt und vergewissern Sie sich, dass es bei der R\u00fcckgabe ordnungsgem\u00e4\u00df verpackt ist. Um dieses Recht auszu\u00fcben, k\u00f6nnen Sie uns \u00fcber <a href=\"mailto:support@fuelingyou.nl\">support@fuelingyou.nl<\/a> kontaktieren <a href=\"mailto:support@fuelingyou.nl\">.<\/a> Wir erstatten Ihnen dann den f\u00e4lligen Betrag innerhalb von 14 Tagen nach Registrierung Ihrer R\u00fccksendung, vorausgesetzt, das Produkt wurde bereits in einwandfreiem Zustand zur\u00fcckgeschickt.<\/p>\n\t\t\t\t\t\t\t\t<\/div>\n\t\t\t\t<\/div>\n\t\t\t\t<div class=\"elementor-element elementor-element-3ded0f8 elementor-widget elementor-widget-text-editor\" data-id=\"3ded0f8\" data-element_type=\"widget\" data-widget_type=\"text-editor.default\">\n\t\t\t\t<div class=\"elementor-widget-container\">\n\t\t\t\t\t\t\t\t\t<p><b>Anweisungen zur R\u00fcckgabe<\/b><\/p>\n\t\t\t\t\t\t\t\t<\/div>\n\t\t\t\t<\/div>\n\t\t\t\t<div class=\"elementor-element elementor-element-eb27d2a elementor-widget elementor-widget-text-editor\" data-id=\"eb27d2a\" data-element_type=\"widget\" data-widget_type=\"text-editor.default\">\n\t\t\t\t<div class=\"elementor-widget-container\">\n\t\t\t\t\t\t\t\t\t<p><strong>1. Benachrichtigen Sie Ihre R\u00fcckgabe<br \/><\/strong>&#8211; Laden Sie das R\u00fcckgabeformular unten auf der Seite herunter.<br \/>&#8211; F\u00fcllen Sie das R\u00fccksendeformular aus und senden Sie es per E-Mail an support@fuelingyou.nl<\/p>\n<p><strong>2. Verpacken Sie das Produkt<br \/><\/strong>&#8211; Verpacken Sie das Produkt sicher in der Originalverpackung und stellen Sie sicher, dass es beim R\u00fcckversand nicht besch\u00e4digt wird.<br \/>&#8211; Schreiben Sie nicht auf die Originalverpackung des Produkts.<br \/>&#8211; Verwenden Sie einen Umkarton, um eine Besch\u00e4digung der Originalverpackung des Produkts zu vermeiden.<br \/>&#8211; Vermeiden Sie die Verwendung von \u00fcberm\u00e4\u00dfigem Klebeband auf der Originalverpackung, da dieses beim Entfernen in unserem Lager besch\u00e4digt werden kann.<br \/>&#8211; Wenn die Originalverpackung beschriftet oder besch\u00e4digt ist, sind wir leider gezwungen, eine neue Verpackung zu bestellen und die Produkte neu zu verpacken. Diese Kosten werden von Ihrer Erstattung abgezogen.<br \/>&#8211; Legen Sie eine Kopie des ausgef\u00fcllten R\u00fcckgabeformulars in den Karton.<\/p>\n<p><strong>3. Senden Sie das Produkt zur\u00fcck<\/strong><br \/>&#8211; Sie k\u00f6nnen ein R\u00fccksendeetikett mit einem beliebigen Transportunternehmen Ihrer Wahl erstellen. Die Kosten f\u00fcr die R\u00fccksendung des Artikels liegen in Ihrer Verantwortung.<br \/>&#8211; Schicken Sie das Paket an die auf dem R\u00fccksendeblatt oder dem R\u00fccksendeformular angegebene Adresse.<br \/>&#8211; Bewahren Sie den Track &amp; Trace Code Ihrer Bestellung auf. <strong>Hinweis<\/strong>: Wenn Sie einen Versandaufkleber erstellen, denken Sie bitte daran, unsere E-Mail-Adresse <a href=\"mailto:support@fuelingyou.nl\">support@fuelingyou.nl<\/a> als Empf\u00e4nger des Pakets anzugeben. Auf diese Weise erhalten wir automatisch den Track &amp; Trace-Code Ihrer Bestellung.<\/p>\n\t\t\t\t\t\t\t\t<\/div>\n\t\t\t\t<\/div>\n\t\t\t\t<div class=\"elementor-element elementor-element-f95bb55 elementor-widget elementor-widget-text-editor\" data-id=\"f95bb55\" data-element_type=\"widget\" data-widget_type=\"text-editor.default\">\n\t\t\t\t<div class=\"elementor-widget-container\">\n\t\t\t\t\t\t\t\t\t<p><b>Garantie<\/b><\/p>\n\t\t\t\t\t\t\t\t<\/div>\n\t\t\t\t<\/div>\n\t\t\t\t<div class=\"elementor-element elementor-element-7e1bd2c elementor-widget elementor-widget-text-editor\" data-id=\"7e1bd2c\" data-element_type=\"widget\" data-widget_type=\"text-editor.default\">\n\t\t\t\t<div class=\"elementor-widget-container\">\n\t\t\t\t\t\t\t\t\t<p>Die Produkte m\u00fcssen in der Originalverpackung und im Originalzustand an uns zur\u00fcckgeschickt werden, ansonsten k\u00f6nnen wir die Produkte nicht zur\u00fccknehmen. Bitte versiegeln Sie das Paket nicht mit speziellem Klebeband oder anderen Mitteln, wenn Sie die Bestellung erhalten. Wir m\u00fcssen in der Lage sein, das Produkt als neues Produkt in unser Lager zur\u00fcckzubringen, wenn es nicht benutzt wurde. Bitte legen Sie die Artikel bei der R\u00fccksendung ebenfalls in einen Karton.  <b>Wenn die Originalverpackung beschriftet oder besch\u00e4digt ist, sind wir leider gezwungen, eine neue Verpackung zu bestellen und die Produkte neu zu verpacken. Diese Kosten werden von Ihrer Erstattung abgezogen.<\/b><\/p>\n\t\t\t\t\t\t\t\t<\/div>\n\t\t\t\t<\/div>\n\t\t\t\t<div class=\"elementor-element elementor-element-1bd31a4 elementor-widget elementor-widget-text-editor\" data-id=\"1bd31a4\" data-element_type=\"widget\" data-widget_type=\"text-editor.default\">\n\t\t\t\t<div class=\"elementor-widget-container\">\n\t\t\t\t\t\t\t\t\t<p><b>Treibstoff f\u00fcr Ihre Identit\u00e4t<\/b><\/p>\n\t\t\t\t\t\t\t\t<\/div>\n\t\t\t\t<\/div>\n\t\t\t\t<div class=\"elementor-element elementor-element-3ab00cb elementor-widget elementor-widget-text-editor\" data-id=\"3ab00cb\" data-element_type=\"widget\" data-widget_type=\"text-editor.default\">\n\t\t\t\t<div class=\"elementor-widget-container\">\n\t\t\t\t\t\t\t\t\t<p>Treibstoff f\u00fcr Sie<br \/>Eendrachtstraat 27-2,  <br \/>1078XW, Amsterdam, Zuid-Holland<br \/><a href=\"mailto:support@fuelingyou.nl\">support@fuelingyou.nl<\/a><br \/>KvK: 90866878<br \/>Umsatzsteuer-Identifikationsnummer: NL004850192B91<\/p><\/p>\n\t\t\t\t\t\t\t\t<\/div>\n\t\t\t\t<\/div>\n\t\t\t\t<div class=\"elementor-element elementor-element-08a6c89 elementor-align-right elementor-widget elementor-widget-button\" data-id=\"08a6c89\" data-element_type=\"widget\" data-widget_type=\"button.default\">\n\t\t\t\t<div class=\"elementor-widget-container\">\n\t\t\t\t\t\t\t\t\t<div class=\"elementor-button-wrapper\">\n\t\t\t\t\t<a class=\"elementor-button elementor-button-link elementor-size-sm\" href=\"https:\/\/fuelingyou.nl\/wp-content\/uploads\/2024\/02\/Fueling-You-Return-Form.pdf\" download=\"Fueling You - Return Form\">\n\t\t\t\t\t\t<span class=\"elementor-button-content-wrapper\">\n\t\t\t\t\t\t\t\t\t<span class=\"elementor-button-text\">DOWNLOAD DES R\u00dcCKSENDEFORMULARS<\/span>\n\t\t\t\t\t<\/span>\n\t\t\t\t\t<\/a>\n\t\t\t\t<\/div>\n\t\t\t\t\t\t\t\t<\/div>\n\t\t\t\t<\/div>\n\t\t\t\t\t<\/div>\n\t\t<\/div>\n\t\t\t\t\t<\/div>\n\t\t<\/section>\n\t\t\t\t<\/div>\n\t\t","protected":false},"excerpt":{"rendered":"<p>Fueling You &#8211; R\u00fcckgabebedingungen R\u00fcckgabe &amp; Garantie Liefert Sie haben das Recht, Ihre Bestellung innerhalb von 14 Tagen nach Erhalt ohne Angabe von Gr\u00fcnden zu widerrufen. Nach dem Widerruf haben Sie weitere 14 Tage Zeit, um das Produkt zur\u00fcckzugeben. Sie erhalten dann eine Gutschrift \u00fcber den vollen Bestellbetrag einschlie\u00dflich Versandkosten. Lediglich die Kosten f\u00fcr die [&hellip;]<\/p>\n","protected":false},"author":1,"featured_media":0,"parent":0,"menu_order":0,"comment_status":"closed","ping_status":"closed","template":"","meta":{"site-sidebar-layout":"no-sidebar","site-content-layout":"page-builder","ast-site-content-layout":"normal-width-container","site-content-style":"default","site-sidebar-style":"default","ast-global-header-display":"","ast-banner-title-visibility":"","ast-main-header-display":"","ast-hfb-above-header-display":"","ast-hfb-below-header-display":"","ast-hfb-mobile-header-display":"","site-post-title":"disabled","ast-breadcrumbs-content":"","ast-featured-img":"disabled","footer-sml-layout":"","ast-disable-related-posts":"","theme-transparent-header-meta":"","adv-header-id-meta":"","stick-header-meta":"","header-above-stick-meta":"","header-main-stick-meta":"","header-below-stick-meta":"","astra-migrate-meta-layouts":"default","ast-page-background-enabled":"default","ast-page-background-meta":{"desktop":{"background-color":"","background-image":"","background-repeat":"repeat","background-position":"center center","background-size":"auto","background-attachment":"scroll","background-type":"","background-media":"","overlay-type":"","overlay-color":"","overlay-opacity":"","overlay-gradient":""},"tablet":{"background-color":"","background-image":"","background-repeat":"repeat","background-position":"center center","background-size":"auto","background-attachment":"scroll","background-type":"","background-media":"","overlay-type":"","overlay-color":"","overlay-opacity":"","overlay-gradient":""},"mobile":{"background-color":"","background-image":"","background-repeat":"repeat","background-position":"center center","background-size":"auto","background-attachment":"scroll","background-type":"","background-media":"","overlay-type":"","overlay-color":"","overlay-opacity":"","overlay-gradient":""}},"ast-content-background-meta":{"desktop":{"background-color":"var(--ast-global-color-5)","background-image":"","background-repeat":"repeat","background-position":"center center","background-size":"auto","background-attachment":"scroll","background-type":"","background-media":"","overlay-type":"","overlay-color":"","overlay-opacity":"","overlay-gradient":""},"tablet":{"background-color":"var(--ast-global-color-5)","background-image":"","background-repeat":"repeat","background-position":"center center","background-size":"auto","background-attachment":"scroll","background-type":"","background-media":"","overlay-type":"","overlay-color":"","overlay-opacity":"","overlay-gradient":""},"mobile":{"background-color":"var(--ast-global-color-5)","background-image":"","background-repeat":"repeat","background-position":"center center","background-size":"auto","background-attachment":"scroll","background-type":"","background-media":"","overlay-type":"","overlay-color":"","overlay-opacity":"","overlay-gradient":""}},"footnotes":""},"class_list":["post-4497","page","type-page","status-publish","hentry"],"_links":{"self":[{"href":"https:\/\/fuelingyou.nl\/de\/wp-json\/wp\/v2\/pages\/4497","targetHints":{"allow":["GET"]}}],"collection":[{"href":"https:\/\/fuelingyou.nl\/de\/wp-json\/wp\/v2\/pages"}],"about":[{"href":"https:\/\/fuelingyou.nl\/de\/wp-json\/wp\/v2\/types\/page"}],"author":[{"embeddable":true,"href":"https:\/\/fuelingyou.nl\/de\/wp-json\/wp\/v2\/users\/1"}],"replies":[{"embeddable":true,"href":"https:\/\/fuelingyou.nl\/de\/wp-json\/wp\/v2\/comments?post=4497"}],"version-history":[{"count":4,"href":"https:\/\/fuelingyou.nl\/de\/wp-json\/wp\/v2\/pages\/4497\/revisions"}],"predecessor-version":[{"id":4561,"href":"https:\/\/fuelingyou.nl\/de\/wp-json\/wp\/v2\/pages\/4497\/revisions\/4561"}],"wp:attachment":[{"href":"https:\/\/fuelingyou.nl\/de\/wp-json\/wp\/v2\/media?parent=4497"}],"curies":[{"name":"wp","href":"https:\/\/api.w.org\/{rel}","templated":true}]}}