{"id":4545,"date":"2023-08-17T16:12:51","date_gmt":"2023-08-17T14:12:51","guid":{"rendered":"https:\/\/fuelingyou.nl\/bedingungen-konditionen\/"},"modified":"2024-05-29T08:11:51","modified_gmt":"2024-05-29T06:11:51","slug":"bedingungen-konditionen","status":"publish","type":"page","link":"https:\/\/fuelingyou.nl\/de\/bedingungen-konditionen\/","title":{"rendered":"Bedingungen &amp; Konditionen"},"content":{"rendered":"\t\t<div data-elementor-type=\"wp-page\" data-elementor-id=\"4545\" class=\"elementor elementor-4545 elementor-1542\" data-elementor-post-type=\"page\">\n\t\t\t\t\t\t<section class=\"elementor-section elementor-top-section elementor-element elementor-element-937d86d elementor-section-boxed elementor-section-height-default elementor-section-height-default\" data-id=\"937d86d\" data-element_type=\"section\">\n\t\t\t\t\t\t<div class=\"elementor-container elementor-column-gap-default\">\n\t\t\t\t\t<div class=\"elementor-column elementor-col-100 elementor-top-column elementor-element elementor-element-b46fc3d\" data-id=\"b46fc3d\" data-element_type=\"column\">\n\t\t\t<div class=\"elementor-widget-wrap elementor-element-populated\">\n\t\t\t\t\t\t<div class=\"elementor-element elementor-element-36b06ec elementor-widget elementor-widget-heading\" data-id=\"36b06ec\" data-element_type=\"widget\" data-widget_type=\"heading.default\">\n\t\t\t\t<div class=\"elementor-widget-container\">\n\t\t\t\t\t<h2 class=\"elementor-heading-title elementor-size-default\">Fueling You - Bedingungen und Konditionen<\/h2>\t\t\t\t<\/div>\n\t\t\t\t<\/div>\n\t\t\t\t<div class=\"elementor-element elementor-element-96132e5 elementor-widget elementor-widget-text-editor\" data-id=\"96132e5\" data-element_type=\"widget\" data-widget_type=\"text-editor.default\">\n\t\t\t\t<div class=\"elementor-widget-container\">\n\t\t\t\t\t\t\t\t\t<h5>1. Einf\u00fchrung<\/h5>\n<p>1.1 Diese Allgemeinen Gesch\u00e4ftsbedingungen (&#8222;Bedingungen&#8220;) regeln die Nutzung der Website und den Kauf von Dienstleistungen und Nahrungserg\u00e4nzungsmitteln von Fueling You (&#8222;das Unternehmen&#8220;), einem europaweit t\u00e4tigen Handelsunternehmen mit Sitz in den Niederlanden.<br \/>1.2 Indem Sie auf die Website zugreifen und einen Kauf t\u00e4tigen, erkl\u00e4ren Sie sich mit den vorliegenden Bedingungen einverstanden. Wenn Sie diese Bedingungen nicht akzeptieren, sehen Sie bitte davon ab, die Website zu nutzen und Eink\u00e4ufe zu t\u00e4tigen.<\/p>\n<h5>2. Definitionen<\/h5>\n<p>2.1 &#8222;Website&#8220; bezieht sich auf die von Fueling You betriebene Online-Plattform f\u00fcr den Verkauf ihres Dienstleistungsangebots.<br \/>2.2 &#8222;Kunde&#8220; bezieht sich auf jede nat\u00fcrliche oder juristische Person, die einen Kauf auf der Website t\u00e4tigt.<\/p>\n<h5>3. Produktinformation<\/h5>\n<p>3.1 Das Unternehmen bietet genaue und aktuelle Informationen \u00fcber nat\u00fcrliche Nahrungserg\u00e4nzungsmittel, einschlie\u00dflich Inhaltsstoffe, Verwendung und Dosierung. Das Unternehmen erhebt jedoch keine Anspr\u00fcche auf den medizinischen Nutzen dieser Nahrungserg\u00e4nzungsmittel. Die Produkte sind nicht dazu bestimmt, Krankheiten zu diagnostizieren, zu behandeln, zu heilen oder zu verhindern. Dar\u00fcber hinaus gibt das Unternehmen keine Garantien f\u00fcr die Wirkungen und\/oder Ergebnisse der verwendeten Produkte und die Kunden k\u00f6nnen keine diesbez\u00fcglichen Anspr\u00fcche geltend machen.<br \/>3.2 Wir empfehlen unseren Kunden, vor der Einnahme von Nahrungserg\u00e4nzungsmitteln ihren Arzt zu konsultieren, insbesondere wenn sie bereits eine Vorerkrankung haben, schwanger sind oder andere Medikamente einnehmen.<\/p>\n<h5>4. Bestellvorgang<\/h5>\n<p>4.1 Durch die Aufgabe einer Bestellung auf der Website gibt der Kunde ein Angebot zum Kauf des\/der ausgew\u00e4hlten Produkts\/Produkte gem\u00e4\u00df diesen Bedingungen ab.<br \/>4.2 Das Unternehmen beh\u00e4lt sich das Recht vor, eine Bestellung aus jeglichem Grund abzulehnen oder zu stornieren, einschlie\u00dflich, aber nicht beschr\u00e4nkt auf die Nichtverf\u00fcgbarkeit von Produkten, Preisfehler oder vermutete betr\u00fcgerische Aktivit\u00e4ten. In einem solchen Fall wird der Kunde umgehend benachrichtigt und die geleistete Zahlung wird zur\u00fcckerstattet.<\/p>\n<h5>5. Preise und Bezahlung<\/h5>\n<p>5.1 Alle Preise auf der Website sind in Euro angegeben und enthalten die anfallenden Steuern, jedoch nicht die Versandkosten, die w\u00e4hrend des Bestellvorgangs hinzugef\u00fcgt werden.<br \/>5.2 Alle Rechnungen sind vom Kunden innerhalb von vierzehn (14) Tagen nach Rechnungsstellung ohne Abzug oder Entsch\u00e4digung zu bezahlen.<br \/>5.3 Zu den vom Unternehmen akzeptierten Zahlungsmethoden geh\u00f6ren Kredit-\/Debitkarten, Bank\u00fcberweisungen und andere sichere Online-Zahlungsoptionen.<br \/>5.4 Der Kunde erkl\u00e4rt sich damit einverstanden, korrekte und vollst\u00e4ndige Zahlungsinformationen anzugeben und erm\u00e4chtigt das Unternehmen, die angegebene Zahlungsmethode f\u00fcr den Gesamtbetrag der Bestellung zu verwenden.<br \/>5.5 Bei Nichteinhaltung der vereinbarten Zahlung durch den Kunden ist Fueling You berechtigt, den Vertrag sofort au\u00dfergerichtlich zu k\u00fcndigen oder seine Verpflichtungen auszusetzen sowie dem Kunden den Zugang zum Fueling You-System ohne Angabe von Gr\u00fcnden zu verweigern.<\/p>\n<h5>6. Versand und Lieferung<\/h5>\n<p>6.1 Das Unternehmen unternimmt alle zumutbaren Anstrengungen, um Bestellungen umgehend zu bearbeiten und zu versenden, vorbehaltlich der Verf\u00fcgbarkeit der Produkte und der \u00dcberpr\u00fcfung der Zahlung.<br \/>6.2 Unter normalen Umst\u00e4nden sollten die Produkte innerhalb von maximal f\u00fcnf (5) Tagen an den Kunden geliefert werden, sofern nicht anders angegeben. Die von der Gesellschaft angegebenen voraussichtlichen Lieferzeiten sind indikativ und nicht verbindlich. Das Unternehmen haftet nicht f\u00fcr Verz\u00f6gerungen, die durch Umst\u00e4nde au\u00dferhalb seiner Kontrolle verursacht werden.<br \/>6.3 Das Risiko des Verlusts oder der Besch\u00e4digung der Produkte geht mit der Lieferung auf den Kunden \u00fcber. Es liegt in der Verantwortung des Kunden, die Produkte bei Erhalt zu \u00fcberpr\u00fcfen und alle sichtbaren Sch\u00e4den innerhalb von 48 Stunden dem Spediteur und dem Unternehmen zu melden.<\/p>\n<h5>7. R\u00fcckgabe und R\u00fcckerstattung<\/h5>\n<p>7.1 Kunden haben das Recht, Produkte innerhalb von drei\u00dfig (30) Tagen nach Erhalt gegen volle R\u00fcckerstattung des Kaufpreises zur\u00fcckzusenden, ausgenommen der Versandkosten. Es ist nicht erforderlich, einen Grund anzugeben. Wenn Sie von Ihrem Widerrufsrecht Gebrauch machen, wird das Produkt mit allem gelieferten Zubeh\u00f6r und, wenn m\u00f6glich, im Originalzustand und in der Originalverpackung an Fueling You zur\u00fcckgeschickt.<br \/>7.2 Wenn ein Produkt zur\u00fcckgegeben wird, das nach Ansicht von Fueling You durch eine Handlung oder Unterlassung des Kunden besch\u00e4digt wurde oder anderweitig auf das Risiko des Kunden zur\u00fcckzuf\u00fchren ist, wird Fueling You den Kunden schriftlich (per Brief oder E-Mail) benachrichtigen. Fueling You hat das Recht, die Wertminderung des Produkts, die sich aus diesem Schaden ergibt, von dem Betrag abzuziehen, der dem Kunden zu erstatten ist.<br \/>7.3 Um eine R\u00fcckgabe zu veranlassen, m\u00fcssen sich Kunden an den Kundensupport des Unternehmens wenden und die dortigen Anweisungen befolgen.<br \/>7.4 R\u00fcckerstattungen werden innerhalb von 14 Tagen nach Erhalt der zur\u00fcckgegebenen Produkte mit der gleichen Zahlungsmethode wie beim urspr\u00fcnglichen Kauf vorgenommen.<\/p>\n<h5>8. Reklamationen<\/h5>\n<p>8.1 Alle Reklamationen in Bezug auf die Lieferung, die Qualit\u00e4t, den Zustand des Produkts oder andere Beschwerden werden von Fueling You ernst genommen.<br \/>8.2 Der Kunde muss eine Beschwerde bei der Support-Abteilung von Fueling You einreichen (die Kontaktdaten dieser Abteilung finden Sie am Ende dieser Allgemeinen Gesch\u00e4ftsbedingungen).<br \/>8.3 Beschwerden \u00fcber die Ausf\u00fchrung des Vertrags m\u00fcssen innerhalb von 2 Monaten, nachdem der Verbraucher die M\u00e4ngel entdeckt hat, vollst\u00e4ndig und klar beschrieben bei Fueling You eingereicht werden.<br \/>8.4 Betankung Sie werden versuchen, die Beschwerde innerhalb von zehn (10) Werktagen zu l\u00f6sen. Fueling You wird den Kunden schriftlich (per Brief oder E-Mail) \u00fcber die L\u00f6sung informieren.<br \/>8.5 Bei Beschwerden muss sich der Verbraucher zun\u00e4chst an das Fueling You wenden. Wenn der Webshop der Stichting WebwinkelKeur angeschlossen ist und wenn Beschwerden nicht einvernehmlich gel\u00f6st werden k\u00f6nnen, muss sich der Verbraucher an die Stichting WebwinkelKeur<a href=\"https:\/\/www.webwinkelkeur.nl\/\" target=\"_blank\" rel=\"noopener\">(www.webwinkelkeur.nl)<\/a> wenden, die kostenlos vermitteln wird. Pr\u00fcfen Sie \u00fcber <a href=\"https:\/\/www.webwinkelkeur.nl\/ledenlijst\/\" target=\"_blank\" rel=\"noopener\">https:\/\/www.webwinkelkeur.nl\/ledenlijst\/<\/a>, ob dieser Webshop eine aktive Mitgliedschaft hat <a href=\"https:\/\/www.webwinkelkeur.nl\/ledenlijst\/\" target=\"_blank\" rel=\"noopener\">.<\/a> Wird auch dann keine L\u00f6sung erzielt, hat der Verbraucher die M\u00f6glichkeit, die Beschwerde durch den von der Stichting WebwinkelKeur eingesetzten unabh\u00e4ngigen Schlichtungsausschuss bearbeiten zu lassen. Die Entscheidung dieses Ausschusses ist verbindlich, und sowohl Fueling You als auch der Verbraucher stimmen dieser verbindlichen Entscheidung zu. Mit der Einreichung einer Streitigkeit bei diesem Streitschlichtungsausschuss sind Kosten verbunden, die vom Verbraucher an den zust\u00e4ndigen Ausschuss gezahlt werden m\u00fcssen. Es ist auch m\u00f6glich, Beschwerden \u00fcber die europ\u00e4ische OS-Plattform<a href=\"http:\/\/ec.europa.eu\/odr\" target=\"_blank\" rel=\"noopener\">(http:\/\/ec.europa.eu\/odr)<\/a> einzureichen.<\/p>\n<h5>9. Pers\u00f6nliche Daten<\/h5>\n<p>9.1 Die vom Kunden eingegebenen pers\u00f6nlichen Daten werden in einer Datei gespeichert. Die Daten werden f\u00fcr die Ausf\u00fchrung der Bestellung des Kunden verwendet.<br \/>9.2 Sofern der Kunde nichts anderes angegeben hat, werden die Daten des Kunden in eine zentrale Datei von Fueling You aufgenommen. Die Daten werden verwendet, um den Kunden umfassend \u00fcber die laufenden Gesch\u00e4fte und Dienstleistungen von Fueling You zu informieren. Die Verarbeitung der Daten des Kunden erfolgt in \u00dcbereinstimmung mit den geltenden Gesetzen und Vorschriften.<br \/>9.3 Der Kunde kann, falls gew\u00fcnscht, Zugang zu den von Fueling You \u00fcber den Kunden in unserem Datenspeicher gespeicherten Daten erhalten. Der Kunde hat das Recht, eine \u00c4nderung der Daten zu verlangen, wenn diese falsch sind.<\/p>\n<h5>10. Mobile Servicebedingungen<\/h5>\n<p>10.1 Der mobile Nachrichtendienst Fueling You (der &#8222;Dienst&#8220;) wird von Fueling You (&#8222;Fueling You&#8220;, &#8222;wir&#8220;, oder &#8222;uns&#8220;) betrieben. Mit der Nutzung des Dienstes erkl\u00e4ren Sie sich mit diesen Bedingungen (&#8222;Mobilit\u00e4tsbedingungen&#8220;) einverstanden. Wir k\u00f6nnen den Service oder einzelne seiner Funktionen ohne Vorank\u00fcndigung \u00e4ndern oder einstellen. Soweit gesetzlich zul\u00e4ssig, k\u00f6nnen wir diese Mobilen Bedingungen auch jederzeit \u00e4ndern, und Ihre fortgesetzte Nutzung des Dienstes nach dem Datum des Inkrafttretens einer solchen \u00c4nderung gilt als Ihre Zustimmung zu diesen \u00c4nderungen.<br \/>10.2 Indem Sie dem SMS-Nachrichtendienst von Fueling You zustimmen, erkl\u00e4ren Sie sich damit einverstanden, wiederkehrende SMS-Nachrichten von und im Namen von Fueling You \u00fcber Ihren Mobilfunkanbieter an die von Ihnen angegebene Handynummer zu erhalten, selbst wenn Ihre Handynummer auf einer staatlichen oder bundesstaatlichen &#8222;Do Not Call&#8220;-Liste eingetragen ist. Textnachrichten k\u00f6nnen \u00fcber ein automatisches Telefonw\u00e4hlsystem oder eine andere Technologie gesendet werden. Zu den dienstbezogenen Nachrichten k\u00f6nnen Aktualisierungen, Warnungen und Informationen geh\u00f6ren (z. B. Aktualisierungen von Bestellungen, Kontowarnungen usw.). Werbebotschaften k\u00f6nnen Werbeaktionen, Sonderangebote und andere Marketingangebote (z. B. Erinnerungen an den Einkaufswagen) umfassen.<br \/>10.3 Sie verstehen, dass Sie sich nicht f\u00fcr dieses Programm anmelden m\u00fcssen, um K\u00e4ufe zu t\u00e4tigen, und dass Ihre Zustimmung keine Bedingung f\u00fcr einen Kauf bei Fueling You ist. Ihre Teilnahme an diesem Programm ist v\u00f6llig freiwillig.<br \/>10.4 Wir erheben keine Geb\u00fchren f\u00fcr den Dienst, aber Sie sind f\u00fcr alle Kosten und Geb\u00fchren im Zusammenhang mit Textnachrichten verantwortlich, die von Ihrem Mobilfunkanbieter erhoben werden. Die H\u00e4ufigkeit der Nachrichten variiert. Es k\u00f6nnen Nachrichten- und Datentarife gelten. Pr\u00fcfen Sie Ihren Mobilfunktarif und erkundigen Sie sich bei Ihrem Mobilfunkanbieter nach Einzelheiten. Sie sind allein verantwortlich f\u00fcr alle Geb\u00fchren im Zusammenhang mit SMS-Nachrichten, einschlie\u00dflich der Geb\u00fchren Ihres Mobilfunkanbieters.<br \/>10.5 Sie k\u00f6nnen den Service jederzeit abbestellen. Senden Sie das Schl\u00fcsselwort STOP an Fueling You oder klicken Sie auf den Abmeldelink (sofern vorhanden) in einer Textnachricht, um sich abzumelden. Sie erhalten eine einmalige Best\u00e4tigungs-SMS zur Abmeldung. Es werden keine weiteren Nachrichten an Ihr mobiles Ger\u00e4t gesendet, es sei denn, Sie haben dies veranlasst. Wenn Sie andere Fueling You-Programme f\u00fcr mobile Nachrichten abonniert haben und diese k\u00fcndigen m\u00f6chten, m\u00fcssen Sie sich separat von diesen Programmen abmelden, indem Sie die Anweisungen in den jeweiligen Mobilfunkbedingungen befolgen, es sei denn, das geltende Recht schreibt etwas anderes vor.<br \/>10.6 Wenn Sie Hilfe oder Unterst\u00fctzung ben\u00f6tigen, schicken Sie eine SMS an Fueling You oder eine E-Mail an <a href=\"mailto:info@fuelingyou.nl\">info@fuelingyou.nl.<\/a><br \/>10.7 Wir k\u00f6nnen jede Kurznummer oder Telefonnummer, die wir f\u00fcr den Betrieb des Dienstes verwenden, jederzeit \u00e4ndern und werden Sie \u00fcber diese \u00c4nderungen informieren. Sie erkennen an, dass Nachrichten, einschlie\u00dflich STOP- oder HILFE-Anfragen, die Sie an eine von uns ge\u00e4nderte Kurzwahlnummer oder Telefonnummer senden, m\u00f6glicherweise nicht empfangen werden und wir nicht f\u00fcr die Erf\u00fcllung von Anfragen in solchen Nachrichten verantwortlich sind.<br \/>10.8 Die von dem Dienst unterst\u00fctzten Mobilfunkanbieter haften nicht f\u00fcr versp\u00e4tete oder nicht zugestellte Nachrichten. Sie verpflichten sich, uns eine g\u00fcltige Handynummer zu geben. Wenn Sie eine neue Handynummer erhalten, m\u00fcssen Sie sich mit Ihrer neuen Nummer f\u00fcr das Programm anmelden.<br \/>10.9 Soweit gesetzlich zul\u00e4ssig, erkl\u00e4ren Sie sich damit einverstanden, dass wir nicht f\u00fcr eine fehlgeschlagene, versp\u00e4tete oder fehlgeleitete Zustellung von Informationen, die \u00fcber den Dienst gesendet werden, f\u00fcr Fehler in diesen Informationen und\/oder f\u00fcr Handlungen, die Sie im Vertrauen auf die Informationen oder den Dienst vornehmen oder nicht, haften.<\/p>\n<p>Wir respektieren Ihr Recht auf Privatsph\u00e4re. Um zu erfahren, wie wir Ihre pers\u00f6nlichen Daten sammeln und verwenden, lesen Sie bitte unsere <a href=\"https:\/\/fuelingyou.nl\/privacy-statement\/\">Datenschutzhinweise<\/a>.<\/p>\n<h5>11. Geistiges Eigentum<\/h5>\n<p>101.1 Der gesamte Inhalt der Website, einschlie\u00dflich, aber nicht beschr\u00e4nkt auf Texte, Bilder, Grafiken, Logos und Marken, ist Eigentum des Unternehmens und durch Gesetze \u00fcber geistiges Eigentum gesch\u00fctzt.<br \/>11.2 Kunden ist es nicht gestattet, das geistige Eigentum des Unternehmens ohne vorherige schriftliche Zustimmung zu vervielf\u00e4ltigen, zu verbreiten oder zu nutzen.<\/p>\n<h5>12. Bewertungen<\/h5>\n<p>12.1 Wir sammeln Bewertungen \u00fcber die WebwinkelKeur-Plattform. Wenn Sie eine Bewertung \u00fcber WebwinkelKeur abgeben, m\u00fcssen Sie Ihren Namen und Ihre E-Mail-Adresse angeben. WebwinkelKeur teilt diese Informationen mit uns, damit wir die Bewertung mit Ihrer Bestellung verkn\u00fcpfen k\u00f6nnen. WebwinkelKeur ver\u00f6ffentlicht Ihren Namen auch auf seiner eigenen Website. In einigen F\u00e4llen kann WebwinkelKeur Sie kontaktieren, um eine Erkl\u00e4rung zu Ihrer Bewertung abzugeben. F\u00fcr den Fall, dass wir Sie auffordern, eine Bewertung zu hinterlassen, teilen wir Ihren Namen und Ihre E-Mail-Adresse mit WebwinkelKeur. Sie verwenden diese Informationen nur, um Sie einzuladen, eine Bewertung abzugeben. WebwinkelKeur hat angemessene technische und organisatorische Ma\u00dfnahmen ergriffen, um Ihre pers\u00f6nlichen Daten zu sch\u00fctzen. WebwinkelKeur beh\u00e4lt sich das Recht vor, Dritte mit der Erbringung von Dienstleistungen zu beauftragen, f\u00fcr die wir WebwinkelKeur eine Genehmigung erteilt haben. Alle oben genannten Garantien zum Schutz Ihrer pers\u00f6nlichen Daten gelten auch f\u00fcr die Teile des Dienstes, f\u00fcr die WebwinkelKeur Dritte beauftragt.<\/p>\n<h5>13. Beschr\u00e4nkung der Haftung<\/h5>\n<p>13.1 Das Unternehmen haftet nicht f\u00fcr direkte, indirekte, zuf\u00e4llige, besondere oder Folgesch\u00e4den, die sich aus der Nutzung oder der Unm\u00f6glichkeit der Nutzung der Website oder der Produkte ergeben.<br \/>13.2 Die Gesamthaftung des Unternehmens gegen\u00fcber dem Kunden, ob aus Vertrag, unerlaubter Handlung oder anderweitig, \u00fcbersteigt nicht den Gesamtbetrag, den der Kunde f\u00fcr das\/die spezifische(n) Produkt(e) gezahlt hat, das\/die den Anspruch begr\u00fcndet.<br \/>13.3 Fueling You ist berechtigt, sich bei der Ausf\u00fchrung der Bestellung(en) des Kunden Dritter zu bedienen.<\/p>\n<h5>14. Geltendes Recht und Gerichtsstand<\/h5>\n<p>14.1 Diese Bedingungen und alle Streitigkeiten, die sich aus der Nutzung der Website oder dem Kauf von Produkten ergeben, unterliegen niederl\u00e4ndischem Recht und werden nach diesem ausgelegt.<br \/>14.2 Die Parteien vereinbaren die ausschlie\u00dfliche Zust\u00e4ndigkeit der Gerichte der Niederlande f\u00fcr die Beilegung von Streitigkeiten.<\/p>\n<h5>15. \u00c4nderungsantr\u00e4ge<\/h5>\n<p>15.1 Das Unternehmen beh\u00e4lt sich das Recht vor, diese Bedingungen jederzeit zu aktualisieren oder zu \u00e4ndern. Die Kunden werden \u00fcber alle wesentlichen \u00c4nderungen informiert und die \u00fcberarbeiteten Bedingungen werden auf der Website ver\u00f6ffentlicht.<br \/>15.2 Die fortgesetzte Nutzung der Website und die Aufgabe von Bestellungen nach einer \u00c4nderung der Bedingungen setzt die Annahme der \u00fcberarbeiteten Bedingungen voraus.<\/p>\n<h5>Kontaktinformationen<\/h5>\n<p>Wenn Sie Fragen oder Bedenken bez\u00fcglich dieser Bedingungen oder Ihres Kaufs haben, kontaktieren Sie uns bitte unter:<\/p>\n<p>Treibstoff f\u00fcr Sie<br \/>Adresse: Eendrachtstraat 27-2, 1078XW, Amsterdam, Zuid-Holland<br \/>KvK: 90866878<br \/>Umsatzsteuer-Identifikationsnummer: NL004850192B91<br \/>E-Mail: <a href=\"mailto:info@fuelingyou.nl\">support@fuelingyou.nl<\/a><\/p>\n<p>Diese Allgemeinen Gesch\u00e4ftsbedingungen sind ab dem 01-08-2023 g\u00fcltig.<\/p>\n\t\t\t\t\t\t\t\t<\/div>\n\t\t\t\t<\/div>\n\t\t\t\t\t<\/div>\n\t\t<\/div>\n\t\t\t\t\t<\/div>\n\t\t<\/section>\n\t\t\t\t<\/div>\n\t\t","protected":false},"excerpt":{"rendered":"<p>Fueling You &#8211; Bedingungen und Konditionen 1. Einf\u00fchrung 1.1 Diese Allgemeinen Gesch\u00e4ftsbedingungen (&#8222;Bedingungen&#8220;) regeln die Nutzung der Website und den Kauf von Dienstleistungen und Nahrungserg\u00e4nzungsmitteln von Fueling You (&#8222;das Unternehmen&#8220;), einem europaweit t\u00e4tigen Handelsunternehmen mit Sitz in den Niederlanden.1.2 Indem Sie auf die Website zugreifen und einen Kauf t\u00e4tigen, erkl\u00e4ren Sie sich mit den vorliegenden [&hellip;]<\/p>\n","protected":false},"author":1,"featured_media":0,"parent":0,"menu_order":0,"comment_status":"closed","ping_status":"closed","template":"","meta":{"site-sidebar-layout":"no-sidebar","site-content-layout":"page-builder","ast-site-content-layout":"default","site-content-style":"default","site-sidebar-style":"default","ast-global-header-display":"","ast-banner-title-visibility":"","ast-main-header-display":"","ast-hfb-above-header-display":"","ast-hfb-below-header-display":"","ast-hfb-mobile-header-display":"","site-post-title":"disabled","ast-breadcrumbs-content":"","ast-featured-img":"disabled","footer-sml-layout":"","ast-disable-related-posts":"","theme-transparent-header-meta":"","adv-header-id-meta":"","stick-header-meta":"","header-above-stick-meta":"","header-main-stick-meta":"","header-below-stick-meta":"","astra-migrate-meta-layouts":"default","ast-page-background-enabled":"default","ast-page-background-meta":{"desktop":{"background-color":"","background-image":"","background-repeat":"repeat","background-position":"center center","background-size":"auto","background-attachment":"scroll","background-type":"","background-media":"","overlay-type":"","overlay-color":"","overlay-opacity":"","overlay-gradient":""},"tablet":{"background-color":"","background-image":"","background-repeat":"repeat","background-position":"center center","background-size":"auto","background-attachment":"scroll","background-type":"","background-media":"","overlay-type":"","overlay-color":"","overlay-opacity":"","overlay-gradient":""},"mobile":{"background-color":"","background-image":"","background-repeat":"repeat","background-position":"center center","background-size":"auto","background-attachment":"scroll","background-type":"","background-media":"","overlay-type":"","overlay-color":"","overlay-opacity":"","overlay-gradient":""}},"ast-content-background-meta":{"desktop":{"background-color":"var(--ast-global-color-5)","background-image":"","background-repeat":"repeat","background-position":"center center","background-size":"auto","background-attachment":"scroll","background-type":"","background-media":"","overlay-type":"","overlay-color":"","overlay-opacity":"","overlay-gradient":""},"tablet":{"background-color":"var(--ast-global-color-5)","background-image":"","background-repeat":"repeat","background-position":"center center","background-size":"auto","background-attachment":"scroll","background-type":"","background-media":"","overlay-type":"","overlay-color":"","overlay-opacity":"","overlay-gradient":""},"mobile":{"background-color":"var(--ast-global-color-5)","background-image":"","background-repeat":"repeat","background-position":"center center","background-size":"auto","background-attachment":"scroll","background-type":"","background-media":"","overlay-type":"","overlay-color":"","overlay-opacity":"","overlay-gradient":""}},"footnotes":""},"class_list":["post-4545","page","type-page","status-publish","hentry"],"_links":{"self":[{"href":"https:\/\/fuelingyou.nl\/de\/wp-json\/wp\/v2\/pages\/4545","targetHints":{"allow":["GET"]}}],"collection":[{"href":"https:\/\/fuelingyou.nl\/de\/wp-json\/wp\/v2\/pages"}],"about":[{"href":"https:\/\/fuelingyou.nl\/de\/wp-json\/wp\/v2\/types\/page"}],"author":[{"embeddable":true,"href":"https:\/\/fuelingyou.nl\/de\/wp-json\/wp\/v2\/users\/1"}],"replies":[{"embeddable":true,"href":"https:\/\/fuelingyou.nl\/de\/wp-json\/wp\/v2\/comments?post=4545"}],"version-history":[{"count":2,"href":"https:\/\/fuelingyou.nl\/de\/wp-json\/wp\/v2\/pages\/4545\/revisions"}],"predecessor-version":[{"id":4550,"href":"https:\/\/fuelingyou.nl\/de\/wp-json\/wp\/v2\/pages\/4545\/revisions\/4550"}],"wp:attachment":[{"href":"https:\/\/fuelingyou.nl\/de\/wp-json\/wp\/v2\/media?parent=4545"}],"curies":[{"name":"wp","href":"https:\/\/api.w.org\/{rel}","templated":true}]}}