{"id":4554,"date":"2024-02-20T10:21:49","date_gmt":"2024-02-20T09:21:49","guid":{"rendered":"https:\/\/fuelingyou.nl\/erklaerung-zum-datenschutz\/"},"modified":"2024-05-30T19:25:05","modified_gmt":"2024-05-30T17:25:05","slug":"erklaerung-zum-datenschutz","status":"publish","type":"page","link":"https:\/\/fuelingyou.nl\/de\/erklaerung-zum-datenschutz\/","title":{"rendered":"Erkl\u00e4rung zum Datenschutz"},"content":{"rendered":"\t\t<div data-elementor-type=\"wp-page\" data-elementor-id=\"4554\" class=\"elementor elementor-4554 elementor-2563\" data-elementor-post-type=\"page\">\n\t\t\t\t\t\t<section class=\"elementor-section elementor-top-section elementor-element elementor-element-88da408 elementor-section-boxed elementor-section-height-default elementor-section-height-default\" data-id=\"88da408\" data-element_type=\"section\">\n\t\t\t\t\t\t<div class=\"elementor-container elementor-column-gap-default\">\n\t\t\t\t\t<div class=\"elementor-column elementor-col-100 elementor-top-column elementor-element elementor-element-347fd40\" data-id=\"347fd40\" data-element_type=\"column\">\n\t\t\t<div class=\"elementor-widget-wrap elementor-element-populated\">\n\t\t\t\t\t\t<div class=\"elementor-element elementor-element-d291e0d elementor-widget elementor-widget-heading\" data-id=\"d291e0d\" data-element_type=\"widget\" data-widget_type=\"heading.default\">\n\t\t\t\t<div class=\"elementor-widget-container\">\n\t\t\t\t\t<h2 class=\"elementor-heading-title elementor-size-default\">Fueling You - Erkl\u00e4rung zum Datenschutz<\/h2>\t\t\t\t<\/div>\n\t\t\t\t<\/div>\n\t\t\t\t<div class=\"elementor-element elementor-element-6cd3011 elementor-widget elementor-widget-text-editor\" data-id=\"6cd3011\" data-element_type=\"widget\" data-widget_type=\"text-editor.default\">\n\t\t\t\t<div class=\"elementor-widget-container\">\n\t\t\t\t\t\t\t\t\t<h3>\u00dcber unsere Datenschutzrichtlinie<\/h3>\n<p>Fueling You legt gro\u00dfen Wert auf Ihre Privatsph\u00e4re. Daher verarbeiten wir nur Daten, die wir f\u00fcr die (Verbesserung) unserer Dienste ben\u00f6tigen und gehen mit den Informationen, die wir \u00fcber Sie und Ihre Nutzung unserer Dienste gesammelt haben, sorgf\u00e4ltig um. Wir geben Ihre Daten niemals zu kommerziellen Zwecken an Dritte weiter. Diese Datenschutzrichtlinie gilt f\u00fcr die Nutzung der Website und der darauf angebotenen Dienstleistungen von Fueling You. Das Datum des Inkrafttretens dieser Bedingungen ist der 20\/02\/2024, und die Ver\u00f6ffentlichung einer neuen Version macht alle vorherigen Versionen ung\u00fcltig. Diese Datenschutzrichtlinie beschreibt, welche Daten wir \u00fcber Sie sammeln, wie wir diese Daten verwenden und unter welchen Bedingungen wir diese Daten an Dritte weitergeben k\u00f6nnen. Wir erkl\u00e4ren auch, wie wir Ihre Daten speichern, wie wir sie vor Missbrauch sch\u00fctzen und welche Rechte Sie in Bezug auf die pers\u00f6nlichen Daten haben, die Sie uns zur Verf\u00fcgung gestellt haben.<\/p>\n<p>Wenn Sie Fragen zu unserer Datenschutzpolitik haben, wenden Sie sich bitte an unseren Ansprechpartner f\u00fcr den Datenschutz. Die Kontaktdaten finden Sie am Ende unserer Datenschutzrichtlinie.<\/p>\n<h3>Datenverarbeitung<\/h3>\n<p>Im Folgenden k\u00f6nnen Sie nachlesen, wie wir Ihre Daten verarbeiten, wo wir sie (auf)speichern, welche Sicherheitstechniken wir verwenden und wer Zugriff auf die Daten hat.<\/p>\n<h4>1. Software speichern<\/h4>\n<h5>1.1 Woocommerce<\/h5>\n<p>Unser Webshop wurde mit der Software WooCommerce entwickelt. Pers\u00f6nliche Daten, die Sie uns f\u00fcr die Zwecke unserer Dienstleistungen zur Verf\u00fcgung stellen, werden mit dieser Partei geteilt. WooCommerce hat Zugriff auf Ihre Daten, um uns (technischen) Support zu leisten, und wird Ihre Daten niemals f\u00fcr andere Zwecke verwenden. Aufgrund der Vereinbarung, die wir mit ihnen haben, ist WooCommerce verpflichtet, angemessene Sicherheitsma\u00dfnahmen zu ergreifen. Zu diesen Sicherheitsma\u00dfnahmen geh\u00f6ren die Verwendung von SSL-Verschl\u00fcsselung und eine strenge Passwortpolitik. WooCommerce verwendet Cookies, um technische Informationen \u00fcber Ihre Nutzung der Software zu sammeln, und es werden keine pers\u00f6nlichen Daten gesammelt und\/oder gespeichert. WooCommerce beh\u00e4lt sich das Recht vor, gesammelte Daten innerhalb der eigenen Unternehmensgruppe weiterzugeben, um die Dienste weiter zu verbessern.<\/p>\n<h5>1.2 Woocommerce-Hosting<\/h5>\n<p>Unser Webshop wurde mit der Software WooCommerce entwickelt, und wir haben Cloud86 f\u00fcr unser Webhosting gew\u00e4hlt. Pers\u00f6nliche Daten, die Sie uns f\u00fcr die Zwecke unserer Dienstleistungen zur Verf\u00fcgung stellen, werden mit dieser Partei geteilt. Cloud86 hat Zugriff auf Ihre Daten, um uns (technischen) Support zu leisten, und wird Ihre Daten niemals f\u00fcr andere Zwecke verwenden. Aufgrund der Vereinbarung, die wir mit ihnen haben, ist Cloud86 verpflichtet, angemessene Sicherheitsma\u00dfnahmen zu ergreifen. Zu diesen Sicherheitsma\u00dfnahmen geh\u00f6ren die Verwendung von SSL-Verschl\u00fcsselung und eine strenge Passwortpolitik. Es werden regelm\u00e4\u00dfig Backups erstellt, um Datenverluste zu vermeiden.<\/p>\n<h4>2. Webhosting<\/h4>\n<h5>2.1 Cloud86<\/h5>\n<p>Wir nutzen die Webhosting- und E-Mail-Dienste von Cloud86. Cloud86 verarbeitet personenbezogene Daten in unserem Auftrag und verwendet Ihre Daten nicht f\u00fcr eigene Zwecke. Diese Partei kann jedoch Metadaten \u00fcber die Nutzung der Dienste sammeln. Diese Metadaten enthalten keine pers\u00f6nlichen Daten. Cloud86 hat angemessene technische und organisatorische Ma\u00dfnahmen getroffen, um den Verlust und die unbefugte Nutzung Ihrer pers\u00f6nlichen Daten zu verhindern. Cloud86 ist im Rahmen der Vereinbarung zur Vertraulichkeit verpflichtet.<\/p>\n<h4>3. E-Mail &amp; Mailinglisten<\/h4>\n<h5>3.1.1 Klaviyo<\/h5>\n<p>Unsere Website nutzt Klaviyo, einen Drittanbieter, der den von unserer Website ausgehenden E-Mail-Verkehr und den Versand von Newslettern abwickelt. Alle Best\u00e4tigungs-E-Mails, die Sie von unserer Website und den Webformularen erhalten, werden \u00fcber die Server von Klaviyo gesendet. Klaviyo wird Ihren Namen und Ihre E-Mail-Adresse niemals f\u00fcr eigene Zwecke verwenden. Am Ende jeder E-Mail, die automatisch \u00fcber unsere Website verschickt wird, finden Sie den Link &#8218;Abbestellen&#8216;. Wenn Sie auf diesen Link klicken, werden Sie keine E-Mails mehr von unserer Website erhalten. Dies kann die Funktionalit\u00e4t unserer Website erheblich beeintr\u00e4chtigen! Ihre pers\u00f6nlichen Daten werden von Klaviyo sicher gespeichert. Klaviyo verwendet Cookies und andere Internettechnologien, die Aufschluss dar\u00fcber geben, ob E-Mails ge\u00f6ffnet und gelesen werden. Klaviyo beh\u00e4lt sich das Recht vor, Ihre Daten zu nutzen, um den Service weiter zu verbessern und in diesem Zusammenhang Informationen mit Dritten zu teilen.<\/p>\n<h5>3.1.2 SMS-Dienste<\/h5>\n<p>Wir verwenden Cookies, um den \u00dcberblick \u00fcber die Artikel zu behalten, die Sie in Ihren Einkaufswagen gelegt haben, und um festzustellen, wann Sie Ihren Einkaufswagen verlassen haben. Diese Informationen werden verwendet, um zu bestimmen, wann wir Ihnen eine Erinnerungsnachricht per SMS schicken sollen. Die obigen Angaben schlie\u00dfen die Opt-in-Daten und die Zustimmung des Absenders von Textnachrichten aus; diese Informationen werden nicht an Dritte weitergegeben.<\/p>\n<h5>3.2 Cloud86<\/h5>\n<p>Wir nutzen die Dienste von Cloud86 f\u00fcr unseren regelm\u00e4\u00dfigen gesch\u00e4ftlichen E-Mail-Verkehr. Diese Partei hat angemessene technische und organisatorische Ma\u00dfnahmen getroffen, um Missbrauch, Verlust und Verf\u00e4lschung Ihrer und unserer Daten so weit wie m\u00f6glich zu verhindern. Cloud86 hat keinen Zugriff auf unsere Mailbox, und wir behandeln unseren gesamten E-Mail-Verkehr vertraulich.<\/p>\n<h4>4. Zahlungsabwickler<\/h4>\n<h5>4.1 Mollie<\/h5>\n<p>F\u00fcr die Abwicklung (eines Teils) der Zahlungen in unserem Webshop verwenden wir die Plattform von Mollie. Mollie verarbeitet Ihren Namen, Ihre Adresse und Ihren Wohnort sowie Ihre Zahlungsdaten wie Ihre Bankverbindung oder Kreditkartennummer. Mollie hat angemessene technische und organisatorische Ma\u00dfnahmen zum Schutz Ihrer pers\u00f6nlichen Daten getroffen. Mollie beh\u00e4lt sich das Recht vor, Ihre Daten zur weiteren Verbesserung des Dienstes zu verwenden und in diesem Zusammenhang (anonymisierte) Daten an Dritte weiterzugeben. Alle oben genannten Garantien zum Schutz Ihrer pers\u00f6nlichen Daten gelten auch f\u00fcr die Teile der Dienstleistungen von Mollie, f\u00fcr die Dritte beauftragt werden. Mollie bewahrt Ihre Daten nicht l\u00e4nger auf, als es die gesetzlichen Bestimmungen erlauben.<\/p>\n<h4>5. Bewertungen<\/h4>\n<h5>5.1 WebwinkelKeur<\/h5>\n<p>Wir sammeln Bewertungen \u00fcber die Plattform von WebwinkelKeur. Wenn Sie eine Bewertung \u00fcber WebwinkelKeur abgeben, m\u00fcssen Sie einen Namen und eine E-Mail-Adresse angeben. WebwinkelKeur teilt diese Informationen mit uns, damit wir die Bewertung mit Ihrer Bestellung verkn\u00fcpfen k\u00f6nnen. In einigen F\u00e4llen kann WebwinkelKeur Sie kontaktieren, um eine Erkl\u00e4rung zu Ihrer Bewertung abzugeben. F\u00fcr den Fall, dass wir Sie auffordern, eine Bewertung zu hinterlassen, teilen wir Ihren Namen und Ihre E-Mail-Adresse mit WebwinkelKeur. Sie verwenden diese Informationen nur, um Sie einzuladen, eine Bewertung abzugeben. WebwinkelKeur hat angemessene technische und organisatorische Ma\u00dfnahmen zum Schutz Ihrer pers\u00f6nlichen Daten getroffen. WebwinkelKeur beh\u00e4lt sich das Recht vor, Dritte mit der Erbringung des Dienstes zu beauftragen, f\u00fcr den wir WebwinkelKeur die Erlaubnis erteilt haben. Alle oben genannten Garantien zum Schutz Ihrer pers\u00f6nlichen Daten gelten auch f\u00fcr die Teile des Dienstes, f\u00fcr die WebwinkelKeur Dritte beauftragt.<\/p>\n<h4>6. Versand und Logistik<\/h4>\n<h5>6.1 PostNL<\/h5>\n<p>Wenn Sie eine Bestellung bei uns aufgeben, sind wir daf\u00fcr verantwortlich, dass Ihr Paket bei Ihnen ankommt. Wir nutzen die Dienste von PostNL, um die Lieferungen auszuf\u00fchren. Zu diesem Zweck ist es notwendig, dass wir Ihren Namen, Ihre Adresse und Ihren Wohnort an PostNL weitergeben. PostNL verwendet diese Informationen nur zum Zweck der Ausf\u00fchrung des Vertrags. F\u00fcr den Fall, dass PostNL Subunternehmer beauftragt, gibt PostNL Ihre Daten auch an diese Parteien weiter.<\/p>\n<h4>7. Buchhaltung &amp; Rechnungsstellung<\/h4>\n<h5>7.1 E-Boekhouden.nl<\/h5>\n<p>F\u00fcr die Verwaltung und Buchhaltung nutzen wir die Dienste von E-boekhouden.nl. Wir teilen Ihren Namen, Ihre Adresse und Ihren Wohnort sowie Einzelheiten zu Ihrer Bestellung. Diese Informationen werden f\u00fcr die Verwaltung von Verkaufsrechnungen verwendet. Ihre pers\u00f6nlichen Daten werden sicher \u00fcbertragen und gespeichert. E-boekhouden.nl ist zur Verschwiegenheit verpflichtet und wird Ihre Daten vertraulich behandeln. E-boekhouden.nl verwendet Ihre pers\u00f6nlichen Daten nicht f\u00fcr andere als die oben beschriebenen Zwecke.<\/p>\n<h4>8. Externe Verk\u00e4ufe<\/h4>\n<h5>8.1 Bol.com<\/h5>\n<p>Wir verkaufen (einen Teil) unserer Produkte \u00fcber die Plattform Bol.com. Wenn Sie eine Bestellung \u00fcber diese Plattform aufgeben, teilt Bol.com Ihre Bestellung und Ihre pers\u00f6nlichen Daten mit uns. Wir verwenden diese Informationen, um Ihre Bestellung zu bearbeiten. Wir behandeln Ihre Daten vertraulich und haben angemessene technische und organisatorische Ma\u00dfnahmen ergriffen, um Ihre Daten vor Verlust und unbefugter Nutzung zu sch\u00fctzen.<\/p>\n<h3>Zweck der Datenverarbeitung<\/h3>\n<h4>1. Allgemeiner Zweck der Datenverarbeitung<\/h4>\n<p>Wir verwenden Ihre Daten ausschlie\u00dflich zum Zweck der Bereitstellung unserer Dienste. Das bedeutet, dass der Zweck der Verarbeitung immer in direktem Zusammenhang mit dem Auftrag steht, den Sie uns erteilt haben. Wir verwenden Ihre Daten nicht f\u00fcr (gezieltes) Marketing. Wenn Sie uns Ihre Daten mitteilen und wir diese Daten verwenden, um Sie zu einem sp\u00e4teren Zeitpunkt zu kontaktieren, werden wir Sie ausdr\u00fccklich um Ihre Erlaubnis bitten. Ihre Daten werden nicht an Dritte weitergegeben, es sei denn, um buchhalterischen und anderen administrativen Verpflichtungen nachzukommen. Diese Dritten sind alle durch die Vereinbarung zwischen ihnen und uns oder durch einen Eid oder eine gesetzliche Verpflichtung zur Vertraulichkeit verpflichtet.<\/p>\n<h4>2. Automatisch erfasste Informationen<\/h4>\n<p>Daten, die automatisch von unserer Website erfasst werden, werden mit dem Ziel verarbeitet, unsere Dienstleistungen weiter zu verbessern. Diese Daten (wie Ihre IP-Adresse, Ihr Webbrowser und Ihr Betriebssystem) sind keine personenbezogenen Daten.<\/p>\n<h4>3. Zusammenarbeit mit Steuer- und Strafermittlungen<\/h4>\n<p>In bestimmten F\u00e4llen kann Fueling You gesetzlich verpflichtet sein, Ihre Daten im Zusammenhang mit steuerlichen oder strafrechtlichen Ermittlungen der Regierung weiterzugeben. In einem solchen Fall sind wir gezwungen, Ihre Daten weiterzugeben, aber wir werden uns dagegen wehren, soweit dies gesetzlich zul\u00e4ssig ist.<\/p>\n<h4>4. Aufbewahrungsfristen<\/h4>\n<p>Wir werden Ihre Daten so lange aufbewahren, wie Sie Kunde bei uns sind. Das bedeutet, dass wir Ihr Kundenprofil so lange aufbewahren, bis Sie angeben, dass Sie unsere Dienste nicht mehr nutzen m\u00f6chten. Wenn Sie uns dar\u00fcber informieren, werden wir dies ebenfalls als Antrag auf L\u00f6schung betrachten. Das bedeutet auch, dass wir Ihre Daten nicht l\u00e4nger als zwei Jahre nach dem letzten Kontakt oder der letzten Transaktion aufbewahren, es sei denn, es gibt eine rechtliche Rechtfertigung daf\u00fcr. Aufgrund geltender verwaltungstechnischer Verpflichtungen sind wir verpflichtet, Rechnungen mit Ihren (personenbezogenen) Daten aufzubewahren, so dass wir diese Daten so lange aufbewahren, wie die entsprechende Frist l\u00e4uft. Die Mitarbeiter haben jedoch keinen Zugriff mehr auf Ihr Kundenprofil und die Dokumente, die wir im Rahmen Ihres Auftrags erstellt haben.<\/p>\n<h3>Ihre Rechte<\/h3>\n<p>Auf der Grundlage der geltenden niederl\u00e4ndischen und europ\u00e4ischen Gesetzgebung haben Sie als betroffene Person bestimmte Rechte in Bezug auf die von uns oder in unserem Auftrag verarbeiteten personenbezogenen Daten. Im Folgenden erl\u00e4utern wir, was diese Rechte sind und wie Sie sie wahrnehmen k\u00f6nnen. Um Missbrauch vorzubeugen, senden wir generell nur Kopien und Abschriften Ihrer Daten an Ihre bereits bekannte E-Mail-Adresse. Falls Sie die Daten z.B. an eine andere E-Mail-Adresse oder per Post erhalten m\u00f6chten, werden wir Sie bitten, sich zu identifizieren. Wir bewahren eine Aufzeichnung der abgeschlossenen Anfragen auf, und im Falle einer Anfrage auf L\u00f6schung bewahren wir die Daten anonymisiert auf. Sie erhalten alle Kopien und Abschriften von Daten in dem maschinenlesbaren Datenformat, das wir in unseren Systemen verwenden. Sie haben jederzeit das Recht, eine Beschwerde bei der niederl\u00e4ndischen Datenschutzbeh\u00f6rde einzureichen, wenn Sie den Verdacht haben, dass wir Ihre personenbezogenen Daten in falscher Weise verwenden.<\/p>\n<h4>1. Recht auf Zugang<\/h4>\n<p>Sie haben jederzeit das Recht auf Zugang zu den Daten, die wir verarbeiten (lassen) und die sich auf Ihre Person beziehen oder auf Sie zur\u00fcckgef\u00fchrt werden k\u00f6nnen. Sie k\u00f6nnen einen entsprechenden Antrag an unsere Kontaktperson f\u00fcr Datenschutzfragen stellen. Sie erhalten innerhalb von 30 Tagen eine Antwort auf Ihren Antrag. Wenn Ihrem Antrag stattgegeben wird, senden wir Ihnen eine Kopie aller Daten mit einer \u00dcbersicht \u00fcber die Bearbeiter, die \u00fcber diese Daten verf\u00fcgen, unter Angabe der Kategorie, unter der wir diese Daten gespeichert haben, an die uns bekannte E-Mail-Adresse.<\/p>\n<h4>2. Recht auf Berichtigung<\/h4>\n<p>Sie haben jederzeit das Recht, die Daten, die wir verarbeiten (haben) und die sich auf Ihre Person beziehen oder zu Ihnen zur\u00fcckverfolgt werden k\u00f6nnen, berichtigen zu lassen. Sie k\u00f6nnen einen entsprechenden Antrag an unsere Kontaktperson f\u00fcr Datenschutzfragen stellen. Sie erhalten innerhalb von 30 Tagen eine Antwort auf Ihren Antrag. Wenn Ihrem Antrag stattgegeben wird, senden wir Ihnen eine Best\u00e4tigung an die uns bekannte E-Mail-Adresse, dass die Daten angepasst wurden.<\/p>\n<h4>3. Recht auf Einschr\u00e4nkung der Verarbeitung<\/h4>\n<p>Sie haben jederzeit das Recht, die Verarbeitung von Daten einzuschr\u00e4nken, die wir verarbeiten (lassen) und die sich auf Ihre Person beziehen oder auf Sie zur\u00fcckgef\u00fchrt werden k\u00f6nnen. Sie k\u00f6nnen einen entsprechenden Antrag an unsere Kontaktperson f\u00fcr Datenschutzfragen stellen. Sie erhalten innerhalb von 30 Tagen eine Antwort auf Ihren Antrag. Wenn Ihrem Antrag stattgegeben wird, senden wir Ihnen eine Best\u00e4tigung an die uns bekannte E-Mail-Adresse, dass die Daten nicht mehr verarbeitet werden, bis Sie die Einschr\u00e4nkung aufheben.  <\/p>\n<h4>4. Recht auf Daten\u00fcbertragbarkeit<\/h4>\n<p>Sie haben immer das Recht, dass die Daten, die wir verarbeiten (lassen) und die sich auf Ihre Person beziehen oder zu Ihnen zur\u00fcckverfolgt werden k\u00f6nnen, von einer anderen Partei ausgef\u00fchrt werden. Sie k\u00f6nnen einen entsprechenden Antrag an unsere Kontaktperson f\u00fcr Datenschutzfragen stellen. Sie erhalten innerhalb von 30 Tagen eine Antwort auf Ihren Antrag. Wenn Ihrem Antrag stattgegeben wird, werden wir Ihnen Kopien oder Abschriften aller Daten \u00fcber Sie zukommen lassen, die wir verarbeitet haben oder die von anderen Verarbeitern oder Dritten in unserem Auftrag verarbeitet wurden. Aller Wahrscheinlichkeit nach k\u00f6nnen wir in einem solchen Fall den Dienst nicht mehr weiter anbieten, da die sichere Verkn\u00fcpfung der Dateien nicht mehr gew\u00e4hrleistet werden kann.  <\/p>\n<h4>5. Widerspruchsrecht und andere Rechte<\/h4>\n<p>In bestimmten F\u00e4llen haben Sie das Recht, der Verarbeitung Ihrer personenbezogenen Daten durch oder im Namen von Fueling You zu widersprechen. Wenn Sie Einspruch erheben, werden wir die Verarbeitung der Daten unverz\u00fcglich einstellen, bis Ihr Einspruch gekl\u00e4rt ist. Wenn Ihr Widerspruch begr\u00fcndet ist, werden wir Ihnen Kopien und\/oder Kopien der Daten, die wir verarbeiten (lassen), zur Verf\u00fcgung stellen und die Verarbeitung dann endg\u00fcltig einstellen. Sie haben auch das Recht, nicht einer automatisierten individuellen Entscheidungsfindung oder einem Profiling unterworfen zu werden. Wir verarbeiten Ihre Daten nicht in einer Weise, dass dieses Recht greift. Wenn Sie glauben, dass dies der Fall ist, wenden Sie sich bitte an unseren Ansprechpartner f\u00fcr Datenschutzfragen.<\/p>\n<h3>Cookies<\/h3>\n<h4>1. Google Analytics<\/h4>\n<p>Auf unserer Website werden Cookies von dem amerikanischen Unternehmen Google im Rahmen des Dienstes &#8222;Analytics&#8220; gesetzt. Wir verwenden diesen Dienst, um zu verfolgen und Berichte dar\u00fcber zu erhalten, wie Besucher die Website nutzen. Dieser Auftragsverarbeiter kann nach den geltenden Gesetzen und Vorschriften verpflichtet sein, Zugang zu diesen Daten zu gew\u00e4hren. Wir sammeln Informationen \u00fcber Ihr Surfverhalten und teilen diese Daten mit Google. Google kann diese Informationen in Verbindung mit anderen Datens\u00e4tzen interpretieren und Ihre Bewegungen im Internet verfolgen. Google verwendet diese Informationen, um gezielte Werbung (Adwords) und andere Google-Dienste und -Produkte anzubieten.<\/p>\n<h4>2. Cookies von Drittanbietern<\/h4>\n<p>Falls Softwarel\u00f6sungen von Drittanbietern Cookies verwenden, wird dies in dieser Datenschutzerkl\u00e4rung angegeben.<\/p>\n<h3>\u00c4nderungen der Datenschutzrichtlinie<\/h3>\n<p>Wir behalten uns das Recht vor, unsere Datenschutzbestimmungen jederzeit zu \u00e4ndern. Auf dieser Seite finden Sie jedoch immer die aktuellste Version. Wenn die neue Datenschutzrichtlinie Auswirkungen auf die Art und Weise hat, wie wir bereits \u00fcber Sie erfasste Daten verarbeiten, werden wir Sie per E-Mail benachrichtigen.<\/p>\n<h5>Kontaktinformationen<\/h5>\n<p>Wenn Sie Fragen oder Bedenken bez\u00fcglich dieser Bedingungen oder Ihres Kaufs haben, kontaktieren Sie uns bitte unter:<\/p>\n<p>Treibstoff f\u00fcr Sie<br \/>Adresse: Eendrachtstraat 27-2, 1078XW, Amsterdam, Zuid-Holland<br \/>KvK: 90866878<br \/>Umsatzsteuer-Identifikationsnummer: NL004850192B91<br \/>E-Mail: <a href=\"mailto:info@fuelingyou.nl\">info@fuelingyou.nl<\/a><\/p>\n\t\t\t\t\t\t\t\t<\/div>\n\t\t\t\t<\/div>\n\t\t\t\t\t<\/div>\n\t\t<\/div>\n\t\t\t\t\t<\/div>\n\t\t<\/section>\n\t\t\t\t<\/div>\n\t\t","protected":false},"excerpt":{"rendered":"<p>Fueling You &#8211; Erkl\u00e4rung zum Datenschutz \u00dcber unsere Datenschutzrichtlinie Fueling You legt gro\u00dfen Wert auf Ihre Privatsph\u00e4re. Daher verarbeiten wir nur Daten, die wir f\u00fcr die (Verbesserung) unserer Dienste ben\u00f6tigen und gehen mit den Informationen, die wir \u00fcber Sie und Ihre Nutzung unserer Dienste gesammelt haben, sorgf\u00e4ltig um. Wir geben Ihre Daten niemals zu kommerziellen [&hellip;]<\/p>\n","protected":false},"author":1,"featured_media":0,"parent":0,"menu_order":0,"comment_status":"closed","ping_status":"closed","template":"","meta":{"site-sidebar-layout":"no-sidebar","site-content-layout":"page-builder","ast-site-content-layout":"normal-width-container","site-content-style":"default","site-sidebar-style":"default","ast-global-header-display":"","ast-banner-title-visibility":"","ast-main-header-display":"","ast-hfb-above-header-display":"","ast-hfb-below-header-display":"","ast-hfb-mobile-header-display":"","site-post-title":"disabled","ast-breadcrumbs-content":"","ast-featured-img":"disabled","footer-sml-layout":"","ast-disable-related-posts":"","theme-transparent-header-meta":"","adv-header-id-meta":"","stick-header-meta":"","header-above-stick-meta":"","header-main-stick-meta":"","header-below-stick-meta":"","astra-migrate-meta-layouts":"default","ast-page-background-enabled":"default","ast-page-background-meta":{"desktop":{"background-color":"","background-image":"","background-repeat":"repeat","background-position":"center center","background-size":"auto","background-attachment":"scroll","background-type":"","background-media":"","overlay-type":"","overlay-color":"","overlay-opacity":"","overlay-gradient":""},"tablet":{"background-color":"","background-image":"","background-repeat":"repeat","background-position":"center center","background-size":"auto","background-attachment":"scroll","background-type":"","background-media":"","overlay-type":"","overlay-color":"","overlay-opacity":"","overlay-gradient":""},"mobile":{"background-color":"","background-image":"","background-repeat":"repeat","background-position":"center center","background-size":"auto","background-attachment":"scroll","background-type":"","background-media":"","overlay-type":"","overlay-color":"","overlay-opacity":"","overlay-gradient":""}},"ast-content-background-meta":{"desktop":{"background-color":"var(--ast-global-color-5)","background-image":"","background-repeat":"repeat","background-position":"center center","background-size":"auto","background-attachment":"scroll","background-type":"","background-media":"","overlay-type":"","overlay-color":"","overlay-opacity":"","overlay-gradient":""},"tablet":{"background-color":"var(--ast-global-color-5)","background-image":"","background-repeat":"repeat","background-position":"center center","background-size":"auto","background-attachment":"scroll","background-type":"","background-media":"","overlay-type":"","overlay-color":"","overlay-opacity":"","overlay-gradient":""},"mobile":{"background-color":"var(--ast-global-color-5)","background-image":"","background-repeat":"repeat","background-position":"center center","background-size":"auto","background-attachment":"scroll","background-type":"","background-media":"","overlay-type":"","overlay-color":"","overlay-opacity":"","overlay-gradient":""}},"footnotes":""},"class_list":["post-4554","page","type-page","status-publish","hentry"],"_links":{"self":[{"href":"https:\/\/fuelingyou.nl\/de\/wp-json\/wp\/v2\/pages\/4554","targetHints":{"allow":["GET"]}}],"collection":[{"href":"https:\/\/fuelingyou.nl\/de\/wp-json\/wp\/v2\/pages"}],"about":[{"href":"https:\/\/fuelingyou.nl\/de\/wp-json\/wp\/v2\/types\/page"}],"author":[{"embeddable":true,"href":"https:\/\/fuelingyou.nl\/de\/wp-json\/wp\/v2\/users\/1"}],"replies":[{"embeddable":true,"href":"https:\/\/fuelingyou.nl\/de\/wp-json\/wp\/v2\/comments?post=4554"}],"version-history":[{"count":4,"href":"https:\/\/fuelingyou.nl\/de\/wp-json\/wp\/v2\/pages\/4554\/revisions"}],"predecessor-version":[{"id":4649,"href":"https:\/\/fuelingyou.nl\/de\/wp-json\/wp\/v2\/pages\/4554\/revisions\/4649"}],"wp:attachment":[{"href":"https:\/\/fuelingyou.nl\/de\/wp-json\/wp\/v2\/media?parent=4554"}],"curies":[{"name":"wp","href":"https:\/\/api.w.org\/{rel}","templated":true}]}}